{"id":10,"date":"2013-12-04T12:38:02","date_gmt":"2013-12-04T10:38:02","guid":{"rendered":"http:\/\/87.230.15.123\/ruegen\/?page_id=10"},"modified":"2025-04-24T16:09:45","modified_gmt":"2025-04-24T14:09:45","slug":"preise","status":"publish","type":"page","link":"https:\/\/www.ruegenhaus.eu\/?page_id=10","title":{"rendered":"Preise"},"content":{"rendered":"<p><strong>Ferienhaus 2025:<\/strong><\/p>\n<p><em>Das Fr\u00fchjahrsspezial 2025:<\/em> das gesamte Ferienhaus f\u00fcr nur 69,- EUR\/\u00dcbern., 2-6 Pers. inkl., <span style=\"color: #800000;\">vom 01.01.2025 &#8211; 30.06.2025<\/span><\/p>\n<p><em>Das Sommerspezial 2025:<\/em> das gesamte Ferienhaus f\u00fcr nur 99,- EUR\/\u00dcbern., 2-3 Pers. inkl., 109,- EUR\/\u00dcbern., 4-6 Pers. inkl. + Kind 0-3 Jahre inkl.,&nbsp;<span style=\"color: #800000;\">vom 01.07.2025 &#8211; 31.08.2025<\/span><\/p>\n<p><em>Das Herbst\/Winterspezial 2025:<\/em> das gesamte R\u00fcgenhaus f\u00fcr nur 69,- EUR\/\u00dcbern., 2-6 Pers. inkl., <span style=\"color: #800000;\">vom 01.09.2025 &#8211; 01.01.2026<\/span><\/p>\n<p>optional 79,- EUR Endreinigung, optional W\u00e4schepaket 19,-\/Person (Bettw\u00e4sche und Handt\u00fccher), keine weiteren Kosten, keine Kurtaxe! Parkpl\u00e4tze direkt vor Ihrer Ferienwohnung kostenfrei.<\/p>\n<p>F\u00fcr Ferienzeiten und Feiertage\/Br\u00fcckentage au\u00dferhalb der Hauptsaison gelten die g\u00fcnstigen Nebensaisonkonditionen f\u00fcr Ihren Aufenthalt im Ferienhaus auf R\u00fcgen.<\/p>\n<hr>\n<p><strong>Ferienwohnung 2025:<\/strong><\/p>\n<p><em>Das Fr\u00fchjahrspezial 2025: <\/em>die gesamte Ferienwohnung f\u00fcr nur 69,- EUR\/\u00dcbern., 2-4 Pers. inkl. + Kleinkind , <span style=\"color: #800000;\">vom 01.01.2025 &#8211; 30.06.2025<\/span><\/p>\n<p>Das Sommerspezial 2024: die gesamte Ferienwohnung f\u00fcr 2-4 Pers. inkl.+ Kleinkind, nur 89,- EUR\/\u00dcbern., <span style=\"color: #800000;\">vom 01.07.2025 &#8211; 31.08.2025<\/span><\/p>\n<p>Das Herbstspezial 2025: die gesamte Ferienwohnung f\u00fcr nur 69,- EUR\/\u00dcbern., 2-4 Pers. inkl. + Kleinkind, <span style=\"color: #800000;\">vom 01.09.2025- 01.01.2026<\/span><\/p>\n<p>optional 79,- EUR Endreinigung, optional W\u00e4schepaket 19,-\/Person (Bettw\u00e4sche und Handt\u00fccher), keine weiteren Kosten, keine Kurtaxe! Parkpl\u00e4tze direkt vor Ihrer Ferienwohnung kostenfrei.<\/p>\n<p>F\u00fcr Ferienzeiten und Feiertage\/Br\u00fcckentage au\u00dferhalb der Hauptsaison gelten die g\u00fcnstigen Nebensaisonkonditionen f\u00fcr Ihren Aufenthalt in der Ferienwohnung auf R\u00fcgen.<\/p>\n","protected":false},"excerpt":{"rendered":"<p>Ferienhaus 2025: Das Fr\u00fchjahrsspezial 2025: das gesamte Ferienhaus f\u00fcr nur 69,- EUR\/\u00dcbern., 2-6 Pers. inkl., vom 01.01.2025 &#8211; 30.06.2025 Das Sommerspezial 2025: das gesamte Ferienhaus f\u00fcr nur 99,- EUR\/\u00dcbern., 2-3 Pers. inkl., 109,- EUR\/\u00dcbern., 4-6 Pers. inkl. + Kind 0-3 &hellip; <a href=\"https:\/\/www.ruegenhaus.eu\/?page_id=10\">Weiterlesen <span class=\"meta-nav\">&rarr;<\/span><\/a><\/p>\n","protected":false},"author":1,"featured_media":0,"parent":0,"menu_order":0,"comment_status":"closed","ping_status":"open","template":"","meta":{"ngg_post_thumbnail":0,"_links_to":"","_links_to_target":""},"_links":{"self":[{"href":"https:\/\/www.ruegenhaus.eu\/index.php?rest_route=\/wp\/v2\/pages\/10"}],"collection":[{"href":"https:\/\/www.ruegenhaus.eu\/index.php?rest_route=\/wp\/v2\/pages"}],"about":[{"href":"https:\/\/www.ruegenhaus.eu\/index.php?rest_route=\/wp\/v2\/types\/page"}],"author":[{"embeddable":true,"href":"https:\/\/www.ruegenhaus.eu\/index.php?rest_route=\/wp\/v2\/users\/1"}],"replies":[{"embeddable":true,"href":"https:\/\/www.ruegenhaus.eu\/index.php?rest_route=%2Fwp%2Fv2%2Fcomments&post=10"}],"version-history":[{"count":28,"href":"https:\/\/www.ruegenhaus.eu\/index.php?rest_route=\/wp\/v2\/pages\/10\/revisions"}],"predecessor-version":[{"id":494,"href":"https:\/\/www.ruegenhaus.eu\/index.php?rest_route=\/wp\/v2\/pages\/10\/revisions\/494"}],"wp:attachment":[{"href":"https:\/\/www.ruegenhaus.eu\/index.php?rest_route=%2Fwp%2Fv2%2Fmedia&parent=10"}],"curies":[{"name":"wp","href":"https:\/\/api.w.org\/{rel}","templated":true}]}}