{"id":6,"date":"2013-12-04T12:37:22","date_gmt":"2013-12-04T10:37:22","guid":{"rendered":"http:\/\/87.230.15.123\/ruegen\/?page_id=6"},"modified":"2023-09-20T14:30:13","modified_gmt":"2023-09-20T12:30:13","slug":"ruegen","status":"publish","type":"page","link":"https:\/\/www.ruegenhaus.eu\/?page_id=6","title":{"rendered":"R\u00fcgen"},"content":{"rendered":"<h2>Erleben Sie R\u00fcgen in 2024!<\/h2>\n<p>Das kleine Dorf Rambin, liegt im Westen der Insel R\u00fcgen 6-8 km von Stralsund und Strelasund entfernt. Das Ferienhaus finden Sie im alten Dorfkern nahe der Dorfkirche und der alten Schule des Ortes. Zahlreiche Freizeitm\u00f6glichkeiten und die nahe Hansestadt Stralsund (die Sie auch schnell per Bahn erreichen) er\u00f6ffnet Ihnen eine Vielzahl von Aktivit\u00e4ten: Erleben Sie das neue Ozeaneum direkt am Hafen oder fahren Sie von hier aus mit der &#8222;Wei\u00dfen Flotte&#8220; nach Hiddensee und an die sch\u00f6nsten Flecken der Insel R\u00fcgen. Wandern, Tennis, Erholung &amp; Relaxen, Angeln, Strandurlaub, Biking, Reiten, Nordic Walking, etc. aber auch shoppen, bummeln und entdecken in einer der sch\u00f6nsten Hansest\u00e4dte der Ostsee ist immer m\u00f6glich.<br \/>\nIn Rambin, 200 m von Ihrem Domizil gibt es die inselbekannte Pommernkate \/ Alte Bauernkate mit R\u00e4ucherfisch, Kuchen und Wurst, K\u00e4se und Brot&nbsp;und allen Leckereien die es auf der Insel noch zu erwerben gibt. Weiter einen B\u00e4cker, einen Friseur, ein kleines Gasthaus, einen Reiterhof mit besonderem Kinderprogramm und vieles mehr.<br \/>\nEin ideales Angelrevier liegt f\u00fcr Sie vor der Haust\u00fcr. Der Kubitzer Bodden nur 10 Minuten vom Haus entfernt ist das gr\u00f6\u00dfte Hechtgew\u00e4sser Deutschlands.<br \/>\nSanft geschwungene Wiesen, Felder und kleine Geh\u00f6lze inmitten des Naturschutzgebietes am Kubitzer Bodden geben der Landschaft ihren besonderen Reiz. Graug\u00e4nse und Kraniche machen im Herbst hier Station auf ihrer Reise vom Baltikum nach S\u00fcdspanien. F\u00fcr Sie, die Sie Ruhe und aktive Erholung suchen, ist diese noch weitgehend unber\u00fchrte Natur genau der richtige Ort f\u00fcr einen sch\u00f6nen, entspannten Urlaub in ungezwungener und gro\u00dfz\u00fcgiger Atmosph\u00e4re. Besuchen Sie R\u00fcgen &#8211; herzlich willkommen.<a href=\"http:\/\/www.ruegenhaus.eu\/wp-content\/uploads\/2023\/09\/IMG_6077-scaled.jpeg\"><img decoding=\"async\" loading=\"lazy\" class=\"alignleft size-medium wp-image-440\" src=\"http:\/\/www.ruegenhaus.eu\/wp-content\/uploads\/2023\/09\/IMG_6077-225x300.jpeg\" alt=\"\" width=\"225\" height=\"300\" srcset=\"https:\/\/www.ruegenhaus.eu\/wp-content\/uploads\/2023\/09\/IMG_6077-225x300.jpeg 225w, https:\/\/www.ruegenhaus.eu\/wp-content\/uploads\/2023\/09\/IMG_6077-768x1024.jpeg 768w, https:\/\/www.ruegenhaus.eu\/wp-content\/uploads\/2023\/09\/IMG_6077-1152x1536.jpeg 1152w, https:\/\/www.ruegenhaus.eu\/wp-content\/uploads\/2023\/09\/IMG_6077-1536x2048.jpeg 1536w, https:\/\/www.ruegenhaus.eu\/wp-content\/uploads\/2023\/09\/IMG_6077-scaled.jpeg 1920w\" sizes=\"(max-width: 225px) 100vw, 225px\" \/><\/a><a href=\"http:\/\/www.ruegenhaus.eu\/wp-content\/uploads\/2023\/09\/IMG_6857-scaled.jpeg\"><img decoding=\"async\" loading=\"lazy\" class=\"alignleft size-medium wp-image-429\" src=\"http:\/\/www.ruegenhaus.eu\/wp-content\/uploads\/2023\/09\/IMG_6857-225x300.jpeg\" alt=\"\" width=\"225\" height=\"300\" srcset=\"https:\/\/www.ruegenhaus.eu\/wp-content\/uploads\/2023\/09\/IMG_6857-225x300.jpeg 225w, https:\/\/www.ruegenhaus.eu\/wp-content\/uploads\/2023\/09\/IMG_6857-768x1024.jpeg 768w, https:\/\/www.ruegenhaus.eu\/wp-content\/uploads\/2023\/09\/IMG_6857-1152x1536.jpeg 1152w, https:\/\/www.ruegenhaus.eu\/wp-content\/uploads\/2023\/09\/IMG_6857-1536x2048.jpeg 1536w, https:\/\/www.ruegenhaus.eu\/wp-content\/uploads\/2023\/09\/IMG_6857-scaled.jpeg 1920w\" sizes=\"(max-width: 225px) 100vw, 225px\" \/><\/a><a href=\"http:\/\/www.ruegenhaus.eu\/wp-content\/uploads\/2023\/09\/IMG_6860-scaled.jpeg\"><img decoding=\"async\" loading=\"lazy\" class=\"alignleft size-medium wp-image-430\" src=\"http:\/\/www.ruegenhaus.eu\/wp-content\/uploads\/2023\/09\/IMG_6860-225x300.jpeg\" alt=\"\" width=\"225\" height=\"300\" srcset=\"https:\/\/www.ruegenhaus.eu\/wp-content\/uploads\/2023\/09\/IMG_6860-225x300.jpeg 225w, https:\/\/www.ruegenhaus.eu\/wp-content\/uploads\/2023\/09\/IMG_6860-768x1024.jpeg 768w, https:\/\/www.ruegenhaus.eu\/wp-content\/uploads\/2023\/09\/IMG_6860-1152x1536.jpeg 1152w, https:\/\/www.ruegenhaus.eu\/wp-content\/uploads\/2023\/09\/IMG_6860-1536x2048.jpeg 1536w, https:\/\/www.ruegenhaus.eu\/wp-content\/uploads\/2023\/09\/IMG_6860-scaled.jpeg 1920w\" sizes=\"(max-width: 225px) 100vw, 225px\" \/><\/a><\/p>\n<p><a href=\"http:\/\/www.ruegenhaus.eu\/wp-content\/uploads\/2023\/09\/IMG_6164-scaled.jpeg\"><img decoding=\"async\" loading=\"lazy\" class=\"alignleft size-medium wp-image-432\" src=\"http:\/\/www.ruegenhaus.eu\/wp-content\/uploads\/2023\/09\/IMG_6164-225x300.jpeg\" alt=\"\" width=\"225\" height=\"300\" srcset=\"https:\/\/www.ruegenhaus.eu\/wp-content\/uploads\/2023\/09\/IMG_6164-225x300.jpeg 225w, https:\/\/www.ruegenhaus.eu\/wp-content\/uploads\/2023\/09\/IMG_6164-768x1024.jpeg 768w, https:\/\/www.ruegenhaus.eu\/wp-content\/uploads\/2023\/09\/IMG_6164-1152x1536.jpeg 1152w, https:\/\/www.ruegenhaus.eu\/wp-content\/uploads\/2023\/09\/IMG_6164-1536x2048.jpeg 1536w, https:\/\/www.ruegenhaus.eu\/wp-content\/uploads\/2023\/09\/IMG_6164-scaled.jpeg 1920w\" sizes=\"(max-width: 225px) 100vw, 225px\" \/><\/a><a href=\"http:\/\/www.ruegenhaus.eu\/wp-content\/uploads\/2023\/09\/IMG_8135-scaled.jpeg\"><img decoding=\"async\" loading=\"lazy\" class=\"alignleft size-medium wp-image-413\" src=\"http:\/\/www.ruegenhaus.eu\/wp-content\/uploads\/2023\/09\/IMG_8135-225x300.jpeg\" alt=\"\" width=\"225\" height=\"300\" srcset=\"https:\/\/www.ruegenhaus.eu\/wp-content\/uploads\/2023\/09\/IMG_8135-225x300.jpeg 225w, https:\/\/www.ruegenhaus.eu\/wp-content\/uploads\/2023\/09\/IMG_8135-768x1024.jpeg 768w, https:\/\/www.ruegenhaus.eu\/wp-content\/uploads\/2023\/09\/IMG_8135-1152x1536.jpeg 1152w, https:\/\/www.ruegenhaus.eu\/wp-content\/uploads\/2023\/09\/IMG_8135-1536x2048.jpeg 1536w, https:\/\/www.ruegenhaus.eu\/wp-content\/uploads\/2023\/09\/IMG_8135-scaled.jpeg 1920w\" sizes=\"(max-width: 225px) 100vw, 225px\" \/><\/a><\/p>\n<p><a href=\"http:\/\/www.ruegenhaus.eu\/wp-content\/uploads\/2023\/09\/IMG_8140-scaled.jpeg\"><img decoding=\"async\" loading=\"lazy\" class=\"alignleft size-medium wp-image-411\" src=\"http:\/\/www.ruegenhaus.eu\/wp-content\/uploads\/2023\/09\/IMG_8140-225x300.jpeg\" alt=\"\" width=\"225\" height=\"300\" srcset=\"https:\/\/www.ruegenhaus.eu\/wp-content\/uploads\/2023\/09\/IMG_8140-225x300.jpeg 225w, https:\/\/www.ruegenhaus.eu\/wp-content\/uploads\/2023\/09\/IMG_8140-768x1024.jpeg 768w, https:\/\/www.ruegenhaus.eu\/wp-content\/uploads\/2023\/09\/IMG_8140-1152x1536.jpeg 1152w, https:\/\/www.ruegenhaus.eu\/wp-content\/uploads\/2023\/09\/IMG_8140-1536x2048.jpeg 1536w, https:\/\/www.ruegenhaus.eu\/wp-content\/uploads\/2023\/09\/IMG_8140-scaled.jpeg 1920w\" sizes=\"(max-width: 225px) 100vw, 225px\" \/><\/a><\/p>\n","protected":false},"excerpt":{"rendered":"<p>Erleben Sie R\u00fcgen in 2024! Das kleine Dorf Rambin, liegt im Westen der Insel R\u00fcgen 6-8 km von Stralsund und Strelasund entfernt. Das Ferienhaus finden Sie im alten Dorfkern nahe der Dorfkirche und der alten Schule des Ortes. Zahlreiche Freizeitm\u00f6glichkeiten &hellip; <a href=\"https:\/\/www.ruegenhaus.eu\/?page_id=6\">Weiterlesen <span class=\"meta-nav\">&rarr;<\/span><\/a><\/p>\n","protected":false},"author":1,"featured_media":0,"parent":0,"menu_order":0,"comment_status":"closed","ping_status":"open","template":"","meta":{"ngg_post_thumbnail":0,"_links_to":"","_links_to_target":""},"_links":{"self":[{"href":"https:\/\/www.ruegenhaus.eu\/index.php?rest_route=\/wp\/v2\/pages\/6"}],"collection":[{"href":"https:\/\/www.ruegenhaus.eu\/index.php?rest_route=\/wp\/v2\/pages"}],"about":[{"href":"https:\/\/www.ruegenhaus.eu\/index.php?rest_route=\/wp\/v2\/types\/page"}],"author":[{"embeddable":true,"href":"https:\/\/www.ruegenhaus.eu\/index.php?rest_route=\/wp\/v2\/users\/1"}],"replies":[{"embeddable":true,"href":"https:\/\/www.ruegenhaus.eu\/index.php?rest_route=%2Fwp%2Fv2%2Fcomments&post=6"}],"version-history":[{"count":17,"href":"https:\/\/www.ruegenhaus.eu\/index.php?rest_route=\/wp\/v2\/pages\/6\/revisions"}],"predecessor-version":[{"id":452,"href":"https:\/\/www.ruegenhaus.eu\/index.php?rest_route=\/wp\/v2\/pages\/6\/revisions\/452"}],"wp:attachment":[{"href":"https:\/\/www.ruegenhaus.eu\/index.php?rest_route=%2Fwp%2Fv2%2Fmedia&parent=6"}],"curies":[{"name":"wp","href":"https:\/\/api.w.org\/{rel}","templated":true}]}}