{"id":76,"date":"2013-12-04T16:45:51","date_gmt":"2013-12-04T14:45:51","guid":{"rendered":"http:\/\/87.230.15.123\/ruegen\/?page_id=76"},"modified":"2025-04-24T16:07:00","modified_gmt":"2025-04-24T14:07:00","slug":"ferienhaus","status":"publish","type":"page","link":"https:\/\/www.ruegenhaus.eu\/?page_id=76","title":{"rendered":"Ihr Ferienhaus"},"content":{"rendered":"<p><span style=\"font-size: revert;\"><a href=\"http:\/\/www.ruegenhaus.eu\/wp-content\/uploads\/2023\/09\/IMG_6063-scaled.jpeg\"><img decoding=\"async\" loading=\"lazy\" class=\"alignleft size-medium wp-image-382\" src=\"http:\/\/www.ruegenhaus.eu\/wp-content\/uploads\/2023\/09\/IMG_6063-225x300.jpeg\" alt=\"\" width=\"225\" height=\"300\" srcset=\"https:\/\/www.ruegenhaus.eu\/wp-content\/uploads\/2023\/09\/IMG_6063-225x300.jpeg 225w, https:\/\/www.ruegenhaus.eu\/wp-content\/uploads\/2023\/09\/IMG_6063-768x1024.jpeg 768w, https:\/\/www.ruegenhaus.eu\/wp-content\/uploads\/2023\/09\/IMG_6063-1152x1536.jpeg 1152w, https:\/\/www.ruegenhaus.eu\/wp-content\/uploads\/2023\/09\/IMG_6063-1536x2048.jpeg 1536w, https:\/\/www.ruegenhaus.eu\/wp-content\/uploads\/2023\/09\/IMG_6063-scaled.jpeg 1920w\" sizes=\"(max-width: 225px) 100vw, 225px\" \/><\/a>Hier unsere Rufnummer f\u00fcr Ihre Buchung, Anfrage per mail oder weitere Infos:<\/span><\/p>\n<p><strong>06682\/9170700 oder mobil 0175\/359 16 24 oder&nbsp;<\/strong><strong>per mail: j@daenner.net&nbsp;<\/strong><\/p>\n<p>Senden Sie uns einfach eine Mail unter: &nbsp; j@daenner.net &nbsp; wir antworten rasch zur Verf\u00fcgbarkeit des Hauses oder der Ferienwohnung.<\/p>\n<p>Wir sind jederzeit f\u00fcr Sie erreichbar und geben rasch Auskunft zur Verf\u00fcgbarkeit und erstellen ein entsprechendes Angebot f\u00fcr Sie. Melden Sie sich gerne. Viele Bilder von Ihrem Ferienhaus und der Gartenumgebung finden Sie zum Ende der Beschreibung.<\/p>\n<p>&nbsp;<\/p>\n<p><strong style=\"font-size: revert;\">&nbsp;<\/strong><em style=\"font-size: revert;\">Das Fr\u00fchjahrspezial 2025:<\/em><\/p>\n<p><span style=\"color: #000000;\">das gesamte Ferienhaus&nbsp;<\/span><span style=\"color: #000000;\">f\u00fcr nur&nbsp;<\/span><span style=\"color: #000000;\">69,- EUR\/\u00dcbern. \/ 2-6 Pers.&nbsp;<\/span><span style=\"color: #800000;\">vom 01.01.2025 &#8211; 30.06.2025<\/span><\/p>\n<p>&nbsp;<\/p>\n<p><span style=\"color: #800000;\"><em>Das Sommerspezial 2025:<\/em><\/span><\/p>\n<p><span style=\"color: #800000;\"><span style=\"color: #000000;\">das gesamte Ferienhaus f\u00fcr nur 99,- EUR\/\u00dcbern., 2-3 Pers., 109,- EUR\/\u00dcbern., &nbsp;4-6 Pers. + Kind 0-3 Jahre inkl.,&nbsp;<\/span><\/span><span style=\"color: #800000; font-size: revert;\">vom 01.07.2025 &#8211; 15.09.2025<\/span><\/p>\n<p>&nbsp;<\/p>\n<p><em>Das Herbst-Winterspezial 2025:<\/em><\/p>\n<p><span style=\"color: #000000;\">das gesamte Ferienhaus f\u00fcr nur 69,- EUR\/\u00dcbernachtung f\u00fcr 2-6 Pers. inkl. (auch an Silvester und Weihnachten)&nbsp;<\/span><span style=\"color: #800000;\">im Zeitraum vom 15.09.2025 &#8211; 01.01.2026<\/span><\/p>\n<p><span style=\"color: #800000;\">&nbsp;<\/span><\/p>\n<p><em><em>Optional 79,- <\/em>EUR Endreinigung, optional W\u00e4schepaket buchbar 19,- EUR\/Person <\/em><em>(Bettw\u00e4sche und ausreichend Handt\u00fccher),inkl. WLAN, inkl. Energiekosten, keine weiteren Kosten, <\/em><em>keine Kurtaxe, Parkpl\u00e4tze direkt vor Ihrem Haus kostenfrei!&nbsp;<\/em><\/p>\n<p>F\u00fcr Ferienzeiten und Feiertage\/Br\u00fcckentage au\u00dfer Juli und August, gelten ebenso die g\u00fcnstigen Nebensaisonkonditionen f\u00fcr Ihren Aufenthalt im Ferienhaus.<\/p>\n<p><strong>Das Ferienhaus &#8211; Beschreibung: &#8230;<\/strong><\/p>\n<p>&#8230;verf\u00fcgt \u00fcber einen gro\u00dfen Wohnbereich\/Essbereich mit K\u00fcche (inkl. Geschirrsp\u00fcler, Herd mit Ceranfeld, Abzugshaube, Kaffeemaschine, Toaster, K\u00fchlschrank, Microwelle, usw.) Vom Eierbecher bis zur Auflaufform finden Sie in der K\u00fcche alle notwendigen K\u00fcchenger\u00e4te. Im Wohnbereich finden Sie eine 50 Zoll TV\/SAT-Anlage, Radios\/CD-Player sowie im gesamten Ferienhaus WLAN kostenfrei. Wohnbereich und Essbereich\/K\u00fcche sind 42 qm gro\u00df. Weiter befindet sich im Erdgescho\u00df ein G\u00e4ste-WC und ein gro\u00dfer Flurbereich.<\/p>\n<p>Zwei gro\u00dfz\u00fcgige Schlafzimmer von 28 qm und 32 qm schlie\u00dfen sich im Obergescho\u00df an. Mit bis zu 3 erwachsenen Personen sind die Schlafzimmer jeweils bewohnbar (jeweils 1 Doppelbett 180 x 200 cm und ein Bett 90 cm x 200 cm, siehe Grundrissskizze). Ein massives Kinderbett 140 x 80 cm ist zus\u00e4tzlich vorhanden und eine weitere Aufbettung eines Babyreisebettes jederzeit kostenfrei m\u00f6glich. Weiter finden Sie im Obergescho\u00df ein sch\u00f6nes Bad mit Glasdusche und Doppelwaschbecken (siehe Fotos). Wohlf\u00fchlen in harmonischer Atmosph\u00e4re und Entspannung pur.<\/p>\n<p>Drau\u00dfen vor der T\u00fcr wartet eine sch\u00f6ne, bestuhlte Sonnenterrasse (30 qm) und ein gro\u00dfer Garten auf Sie. Vom Grill bis zum Sonnenschirm steht Ihnen alles zur Verf\u00fcgung um einen sch\u00f6nen Urlaub in ihrem Ferienhaus zu genie\u00dfen.<\/p>\n<p>Bewohnbar ist das Ferienhaus mit bis zu 6 Personen, eine Aufbettung f\u00fcr zwei Baby\u00b4s oder Kleinkinder ist wie bereits beschrieben m\u00f6glich. Ein Kinderhochstuhl ist vorhanden, ebenso wie Parkpl\u00e4tze vor dem Haus kostenfrei zu Ihrer Verf\u00fcgung stehen. Sollten Sie ein Boot mit Trailer besitzen, k\u00f6nnen Sie diesen ebenso kostenfrei (als unser Gast) auf dem Grundst\u00fcck unterbringen. Auch Ihre Freunde die mit einem Wohnwagen oder Wohnmobil anreisen k\u00f6nnen Sie gerne nach Absprache mitbringen. Wasser und Stromanschlu\u00df sind f\u00fcr Wohnmobile vorhanden. Fragen Sie nach den Konditionen. Sie sind jederzeit Herzlich Willkommen auf Deutschlands gr\u00f6\u00dfter und sch\u00f6nster Insel.<\/p>\n<p><em>Eine gediegene Ferienhausatmosph\u00e4re ist garantiert, besuchen Sie uns.<\/em><\/p>\n<p><span style=\"color: #999999;\"><em>Auf R\u00fccksichtnahme f\u00fcr unsere nicht rauchenden G\u00e4ste, ist unser Haus ein Nichtraucherhaus. Jedoch k\u00f6nnen Sie gerne auf der Terrasse rauchen! Ebenso nehmen wir R\u00fccksicht auf G\u00e4ste, die unter Tierhaarallergien leiden, deshalb bitte ohne &nbsp;Haustiere.<a href=\"http:\/\/www.ruegenhaus.eu\/wp-content\/uploads\/2023\/09\/IMG_0115-scaled.jpeg\"><img decoding=\"async\" loading=\"lazy\" class=\"alignleft size-medium wp-image-345\" src=\"http:\/\/www.ruegenhaus.eu\/wp-content\/uploads\/2023\/09\/IMG_0115-225x300.jpeg\" alt=\"\" width=\"225\" height=\"300\" srcset=\"https:\/\/www.ruegenhaus.eu\/wp-content\/uploads\/2023\/09\/IMG_0115-225x300.jpeg 225w, https:\/\/www.ruegenhaus.eu\/wp-content\/uploads\/2023\/09\/IMG_0115-768x1024.jpeg 768w, https:\/\/www.ruegenhaus.eu\/wp-content\/uploads\/2023\/09\/IMG_0115-1152x1536.jpeg 1152w, https:\/\/www.ruegenhaus.eu\/wp-content\/uploads\/2023\/09\/IMG_0115-1536x2048.jpeg 1536w, https:\/\/www.ruegenhaus.eu\/wp-content\/uploads\/2023\/09\/IMG_0115-scaled.jpeg 1920w\" sizes=\"(max-width: 225px) 100vw, 225px\" \/><\/a><\/em><\/span><\/p>\n<p><img decoding=\"async\" class=\"ngg_displayed_gallery mceItem\" src=\"http:\/\/wp12820900.server-he.de\/index.php\/nextgen-attach_to_post\/preview\/id--106\" alt=\"\"><a href=\"http:\/\/www.ruegenhaus.eu\/wp-content\/uploads\/2023\/09\/IMG_0109-scaled.jpeg\"><img decoding=\"async\" loading=\"lazy\" class=\"alignleft size-medium wp-image-346\" src=\"http:\/\/www.ruegenhaus.eu\/wp-content\/uploads\/2023\/09\/IMG_0109-225x300.jpeg\" alt=\"\" width=\"225\" height=\"300\" srcset=\"https:\/\/www.ruegenhaus.eu\/wp-content\/uploads\/2023\/09\/IMG_0109-225x300.jpeg 225w, https:\/\/www.ruegenhaus.eu\/wp-content\/uploads\/2023\/09\/IMG_0109-768x1024.jpeg 768w, https:\/\/www.ruegenhaus.eu\/wp-content\/uploads\/2023\/09\/IMG_0109-1152x1536.jpeg 1152w, https:\/\/www.ruegenhaus.eu\/wp-content\/uploads\/2023\/09\/IMG_0109-1536x2048.jpeg 1536w, https:\/\/www.ruegenhaus.eu\/wp-content\/uploads\/2023\/09\/IMG_0109-scaled.jpeg 1920w\" sizes=\"(max-width: 225px) 100vw, 225px\" \/><\/a> <a href=\"http:\/\/www.ruegenhaus.eu\/wp-content\/uploads\/2023\/09\/IMG_0111-scaled.jpeg\"><img decoding=\"async\" loading=\"lazy\" class=\"alignleft size-medium wp-image-347\" src=\"http:\/\/www.ruegenhaus.eu\/wp-content\/uploads\/2023\/09\/IMG_0111-225x300.jpeg\" alt=\"\" width=\"225\" height=\"300\" srcset=\"https:\/\/www.ruegenhaus.eu\/wp-content\/uploads\/2023\/09\/IMG_0111-225x300.jpeg 225w, https:\/\/www.ruegenhaus.eu\/wp-content\/uploads\/2023\/09\/IMG_0111-768x1024.jpeg 768w, https:\/\/www.ruegenhaus.eu\/wp-content\/uploads\/2023\/09\/IMG_0111-1152x1536.jpeg 1152w, https:\/\/www.ruegenhaus.eu\/wp-content\/uploads\/2023\/09\/IMG_0111-1536x2048.jpeg 1536w, https:\/\/www.ruegenhaus.eu\/wp-content\/uploads\/2023\/09\/IMG_0111-scaled.jpeg 1920w\" sizes=\"(max-width: 225px) 100vw, 225px\" \/><\/a> <a href=\"http:\/\/www.ruegenhaus.eu\/wp-content\/uploads\/2023\/09\/IMG_0107-scaled.jpeg\"><img decoding=\"async\" loading=\"lazy\" class=\"alignleft size-medium wp-image-348\" src=\"http:\/\/www.ruegenhaus.eu\/wp-content\/uploads\/2023\/09\/IMG_0107-225x300.jpeg\" alt=\"\" width=\"225\" height=\"300\" srcset=\"https:\/\/www.ruegenhaus.eu\/wp-content\/uploads\/2023\/09\/IMG_0107-225x300.jpeg 225w, https:\/\/www.ruegenhaus.eu\/wp-content\/uploads\/2023\/09\/IMG_0107-768x1024.jpeg 768w, https:\/\/www.ruegenhaus.eu\/wp-content\/uploads\/2023\/09\/IMG_0107-1152x1536.jpeg 1152w, https:\/\/www.ruegenhaus.eu\/wp-content\/uploads\/2023\/09\/IMG_0107-1536x2048.jpeg 1536w, https:\/\/www.ruegenhaus.eu\/wp-content\/uploads\/2023\/09\/IMG_0107-scaled.jpeg 1920w\" sizes=\"(max-width: 225px) 100vw, 225px\" \/><\/a> <a href=\"http:\/\/www.ruegenhaus.eu\/wp-content\/uploads\/2023\/09\/IMG_0100-scaled.jpeg\"><img decoding=\"async\" loading=\"lazy\" class=\"alignleft size-medium wp-image-349\" src=\"http:\/\/www.ruegenhaus.eu\/wp-content\/uploads\/2023\/09\/IMG_0100-225x300.jpeg\" alt=\"\" width=\"225\" height=\"300\" srcset=\"https:\/\/www.ruegenhaus.eu\/wp-content\/uploads\/2023\/09\/IMG_0100-225x300.jpeg 225w, https:\/\/www.ruegenhaus.eu\/wp-content\/uploads\/2023\/09\/IMG_0100-768x1024.jpeg 768w, https:\/\/www.ruegenhaus.eu\/wp-content\/uploads\/2023\/09\/IMG_0100-1152x1536.jpeg 1152w, https:\/\/www.ruegenhaus.eu\/wp-content\/uploads\/2023\/09\/IMG_0100-1536x2048.jpeg 1536w, https:\/\/www.ruegenhaus.eu\/wp-content\/uploads\/2023\/09\/IMG_0100-scaled.jpeg 1920w\" sizes=\"(max-width: 225px) 100vw, 225px\" \/><\/a> <a href=\"http:\/\/www.ruegenhaus.eu\/wp-content\/uploads\/2023\/09\/IMG_0096-scaled.jpeg\"><img decoding=\"async\" loading=\"lazy\" class=\"alignleft size-medium wp-image-350\" src=\"http:\/\/www.ruegenhaus.eu\/wp-content\/uploads\/2023\/09\/IMG_0096-225x300.jpeg\" alt=\"\" width=\"225\" height=\"300\" srcset=\"https:\/\/www.ruegenhaus.eu\/wp-content\/uploads\/2023\/09\/IMG_0096-225x300.jpeg 225w, https:\/\/www.ruegenhaus.eu\/wp-content\/uploads\/2023\/09\/IMG_0096-768x1024.jpeg 768w, https:\/\/www.ruegenhaus.eu\/wp-content\/uploads\/2023\/09\/IMG_0096-1152x1536.jpeg 1152w, https:\/\/www.ruegenhaus.eu\/wp-content\/uploads\/2023\/09\/IMG_0096-1536x2048.jpeg 1536w, https:\/\/www.ruegenhaus.eu\/wp-content\/uploads\/2023\/09\/IMG_0096-scaled.jpeg 1920w\" sizes=\"(max-width: 225px) 100vw, 225px\" \/><\/a> <a href=\"http:\/\/www.ruegenhaus.eu\/wp-content\/uploads\/2023\/09\/IMG_0095-scaled.jpeg\"><img decoding=\"async\" loading=\"lazy\" class=\"alignleft size-medium wp-image-351\" src=\"http:\/\/www.ruegenhaus.eu\/wp-content\/uploads\/2023\/09\/IMG_0095-225x300.jpeg\" alt=\"\" width=\"225\" height=\"300\" srcset=\"https:\/\/www.ruegenhaus.eu\/wp-content\/uploads\/2023\/09\/IMG_0095-225x300.jpeg 225w, https:\/\/www.ruegenhaus.eu\/wp-content\/uploads\/2023\/09\/IMG_0095-768x1024.jpeg 768w, https:\/\/www.ruegenhaus.eu\/wp-content\/uploads\/2023\/09\/IMG_0095-1152x1536.jpeg 1152w, https:\/\/www.ruegenhaus.eu\/wp-content\/uploads\/2023\/09\/IMG_0095-1536x2048.jpeg 1536w, https:\/\/www.ruegenhaus.eu\/wp-content\/uploads\/2023\/09\/IMG_0095-scaled.jpeg 1920w\" sizes=\"(max-width: 225px) 100vw, 225px\" \/><\/a> <a href=\"http:\/\/www.ruegenhaus.eu\/wp-content\/uploads\/2023\/09\/IMG_0094-scaled.jpeg\"><img decoding=\"async\" loading=\"lazy\" class=\"alignleft size-medium wp-image-352\" src=\"http:\/\/www.ruegenhaus.eu\/wp-content\/uploads\/2023\/09\/IMG_0094-225x300.jpeg\" alt=\"\" width=\"225\" height=\"300\" srcset=\"https:\/\/www.ruegenhaus.eu\/wp-content\/uploads\/2023\/09\/IMG_0094-225x300.jpeg 225w, https:\/\/www.ruegenhaus.eu\/wp-content\/uploads\/2023\/09\/IMG_0094-768x1024.jpeg 768w, https:\/\/www.ruegenhaus.eu\/wp-content\/uploads\/2023\/09\/IMG_0094-1152x1536.jpeg 1152w, https:\/\/www.ruegenhaus.eu\/wp-content\/uploads\/2023\/09\/IMG_0094-1536x2048.jpeg 1536w, https:\/\/www.ruegenhaus.eu\/wp-content\/uploads\/2023\/09\/IMG_0094-scaled.jpeg 1920w\" sizes=\"(max-width: 225px) 100vw, 225px\" \/><\/a> <a href=\"http:\/\/www.ruegenhaus.eu\/wp-content\/uploads\/2023\/09\/IMG_0091-scaled.jpeg\"><img decoding=\"async\" loading=\"lazy\" class=\"alignleft size-medium wp-image-353\" src=\"http:\/\/www.ruegenhaus.eu\/wp-content\/uploads\/2023\/09\/IMG_0091-225x300.jpeg\" alt=\"\" width=\"225\" height=\"300\" srcset=\"https:\/\/www.ruegenhaus.eu\/wp-content\/uploads\/2023\/09\/IMG_0091-225x300.jpeg 225w, https:\/\/www.ruegenhaus.eu\/wp-content\/uploads\/2023\/09\/IMG_0091-768x1024.jpeg 768w, https:\/\/www.ruegenhaus.eu\/wp-content\/uploads\/2023\/09\/IMG_0091-1152x1536.jpeg 1152w, https:\/\/www.ruegenhaus.eu\/wp-content\/uploads\/2023\/09\/IMG_0091-1536x2048.jpeg 1536w, https:\/\/www.ruegenhaus.eu\/wp-content\/uploads\/2023\/09\/IMG_0091-scaled.jpeg 1920w\" sizes=\"(max-width: 225px) 100vw, 225px\" \/><\/a> <a href=\"http:\/\/www.ruegenhaus.eu\/wp-content\/uploads\/2023\/09\/IMG_0090-scaled.jpeg\"><img decoding=\"async\" loading=\"lazy\" class=\"alignleft size-medium wp-image-354\" src=\"http:\/\/www.ruegenhaus.eu\/wp-content\/uploads\/2023\/09\/IMG_0090-225x300.jpeg\" alt=\"\" width=\"225\" height=\"300\" srcset=\"https:\/\/www.ruegenhaus.eu\/wp-content\/uploads\/2023\/09\/IMG_0090-225x300.jpeg 225w, https:\/\/www.ruegenhaus.eu\/wp-content\/uploads\/2023\/09\/IMG_0090-768x1024.jpeg 768w, https:\/\/www.ruegenhaus.eu\/wp-content\/uploads\/2023\/09\/IMG_0090-1152x1536.jpeg 1152w, https:\/\/www.ruegenhaus.eu\/wp-content\/uploads\/2023\/09\/IMG_0090-1536x2048.jpeg 1536w, https:\/\/www.ruegenhaus.eu\/wp-content\/uploads\/2023\/09\/IMG_0090-scaled.jpeg 1920w\" sizes=\"(max-width: 225px) 100vw, 225px\" \/><\/a> <a href=\"http:\/\/www.ruegenhaus.eu\/wp-content\/uploads\/2023\/09\/IMG_0088-scaled.jpeg\"><img decoding=\"async\" loading=\"lazy\" class=\"alignleft size-medium wp-image-355\" src=\"http:\/\/www.ruegenhaus.eu\/wp-content\/uploads\/2023\/09\/IMG_0088-225x300.jpeg\" alt=\"\" width=\"225\" height=\"300\" srcset=\"https:\/\/www.ruegenhaus.eu\/wp-content\/uploads\/2023\/09\/IMG_0088-225x300.jpeg 225w, https:\/\/www.ruegenhaus.eu\/wp-content\/uploads\/2023\/09\/IMG_0088-768x1024.jpeg 768w, https:\/\/www.ruegenhaus.eu\/wp-content\/uploads\/2023\/09\/IMG_0088-1152x1536.jpeg 1152w, https:\/\/www.ruegenhaus.eu\/wp-content\/uploads\/2023\/09\/IMG_0088-1536x2048.jpeg 1536w, https:\/\/www.ruegenhaus.eu\/wp-content\/uploads\/2023\/09\/IMG_0088-scaled.jpeg 1920w\" sizes=\"(max-width: 225px) 100vw, 225px\" \/><\/a> <a href=\"http:\/\/www.ruegenhaus.eu\/wp-content\/uploads\/2023\/09\/IMG_0087-scaled.jpeg\"><img decoding=\"async\" loading=\"lazy\" class=\"alignleft size-medium wp-image-356\" src=\"http:\/\/www.ruegenhaus.eu\/wp-content\/uploads\/2023\/09\/IMG_0087-225x300.jpeg\" alt=\"\" width=\"225\" height=\"300\" srcset=\"https:\/\/www.ruegenhaus.eu\/wp-content\/uploads\/2023\/09\/IMG_0087-225x300.jpeg 225w, https:\/\/www.ruegenhaus.eu\/wp-content\/uploads\/2023\/09\/IMG_0087-768x1024.jpeg 768w, https:\/\/www.ruegenhaus.eu\/wp-content\/uploads\/2023\/09\/IMG_0087-1152x1536.jpeg 1152w, https:\/\/www.ruegenhaus.eu\/wp-content\/uploads\/2023\/09\/IMG_0087-1536x2048.jpeg 1536w, https:\/\/www.ruegenhaus.eu\/wp-content\/uploads\/2023\/09\/IMG_0087-scaled.jpeg 1920w\" sizes=\"(max-width: 225px) 100vw, 225px\" \/><\/a> <a href=\"http:\/\/www.ruegenhaus.eu\/wp-content\/uploads\/2023\/09\/IMG_0086-scaled.jpeg\"><img decoding=\"async\" loading=\"lazy\" class=\"alignleft size-medium wp-image-357\" src=\"http:\/\/www.ruegenhaus.eu\/wp-content\/uploads\/2023\/09\/IMG_0086-225x300.jpeg\" alt=\"\" width=\"225\" height=\"300\" srcset=\"https:\/\/www.ruegenhaus.eu\/wp-content\/uploads\/2023\/09\/IMG_0086-225x300.jpeg 225w, https:\/\/www.ruegenhaus.eu\/wp-content\/uploads\/2023\/09\/IMG_0086-768x1024.jpeg 768w, https:\/\/www.ruegenhaus.eu\/wp-content\/uploads\/2023\/09\/IMG_0086-1152x1536.jpeg 1152w, https:\/\/www.ruegenhaus.eu\/wp-content\/uploads\/2023\/09\/IMG_0086-1536x2048.jpeg 1536w, https:\/\/www.ruegenhaus.eu\/wp-content\/uploads\/2023\/09\/IMG_0086-scaled.jpeg 1920w\" sizes=\"(max-width: 225px) 100vw, 225px\" \/><\/a> <a href=\"http:\/\/www.ruegenhaus.eu\/wp-content\/uploads\/2023\/09\/IMG_0082-scaled.jpeg\"><img decoding=\"async\" loading=\"lazy\" class=\"alignleft size-medium wp-image-358\" src=\"http:\/\/www.ruegenhaus.eu\/wp-content\/uploads\/2023\/09\/IMG_0082-225x300.jpeg\" alt=\"\" width=\"225\" height=\"300\" srcset=\"https:\/\/www.ruegenhaus.eu\/wp-content\/uploads\/2023\/09\/IMG_0082-225x300.jpeg 225w, https:\/\/www.ruegenhaus.eu\/wp-content\/uploads\/2023\/09\/IMG_0082-768x1024.jpeg 768w, https:\/\/www.ruegenhaus.eu\/wp-content\/uploads\/2023\/09\/IMG_0082-1152x1536.jpeg 1152w, https:\/\/www.ruegenhaus.eu\/wp-content\/uploads\/2023\/09\/IMG_0082-1536x2048.jpeg 1536w, https:\/\/www.ruegenhaus.eu\/wp-content\/uploads\/2023\/09\/IMG_0082-scaled.jpeg 1920w\" sizes=\"(max-width: 225px) 100vw, 225px\" \/><\/a> <a href=\"http:\/\/www.ruegenhaus.eu\/wp-content\/uploads\/2023\/09\/IMG_0079-scaled.jpeg\"><img decoding=\"async\" loading=\"lazy\" class=\"alignleft size-medium wp-image-359\" src=\"http:\/\/www.ruegenhaus.eu\/wp-content\/uploads\/2023\/09\/IMG_0079-225x300.jpeg\" alt=\"\" width=\"225\" height=\"300\" srcset=\"https:\/\/www.ruegenhaus.eu\/wp-content\/uploads\/2023\/09\/IMG_0079-225x300.jpeg 225w, https:\/\/www.ruegenhaus.eu\/wp-content\/uploads\/2023\/09\/IMG_0079-768x1024.jpeg 768w, https:\/\/www.ruegenhaus.eu\/wp-content\/uploads\/2023\/09\/IMG_0079-1152x1536.jpeg 1152w, https:\/\/www.ruegenhaus.eu\/wp-content\/uploads\/2023\/09\/IMG_0079-1536x2048.jpeg 1536w, https:\/\/www.ruegenhaus.eu\/wp-content\/uploads\/2023\/09\/IMG_0079-scaled.jpeg 1920w\" sizes=\"(max-width: 225px) 100vw, 225px\" \/><\/a> <a href=\"http:\/\/www.ruegenhaus.eu\/wp-content\/uploads\/2023\/09\/IMG_0081-scaled.jpeg\"><img decoding=\"async\" loading=\"lazy\" class=\"alignleft size-medium wp-image-360\" src=\"http:\/\/www.ruegenhaus.eu\/wp-content\/uploads\/2023\/09\/IMG_0081-225x300.jpeg\" alt=\"\" width=\"225\" height=\"300\" srcset=\"https:\/\/www.ruegenhaus.eu\/wp-content\/uploads\/2023\/09\/IMG_0081-225x300.jpeg 225w, https:\/\/www.ruegenhaus.eu\/wp-content\/uploads\/2023\/09\/IMG_0081-768x1024.jpeg 768w, https:\/\/www.ruegenhaus.eu\/wp-content\/uploads\/2023\/09\/IMG_0081-1152x1536.jpeg 1152w, https:\/\/www.ruegenhaus.eu\/wp-content\/uploads\/2023\/09\/IMG_0081-1536x2048.jpeg 1536w, https:\/\/www.ruegenhaus.eu\/wp-content\/uploads\/2023\/09\/IMG_0081-scaled.jpeg 1920w\" sizes=\"(max-width: 225px) 100vw, 225px\" \/><\/a> <a href=\"http:\/\/www.ruegenhaus.eu\/wp-content\/uploads\/2023\/09\/IMG_0077-scaled.jpeg\"><img decoding=\"async\" loading=\"lazy\" class=\"alignleft size-medium wp-image-361\" src=\"http:\/\/www.ruegenhaus.eu\/wp-content\/uploads\/2023\/09\/IMG_0077-225x300.jpeg\" alt=\"\" width=\"225\" height=\"300\" srcset=\"https:\/\/www.ruegenhaus.eu\/wp-content\/uploads\/2023\/09\/IMG_0077-225x300.jpeg 225w, https:\/\/www.ruegenhaus.eu\/wp-content\/uploads\/2023\/09\/IMG_0077-768x1024.jpeg 768w, https:\/\/www.ruegenhaus.eu\/wp-content\/uploads\/2023\/09\/IMG_0077-1152x1536.jpeg 1152w, https:\/\/www.ruegenhaus.eu\/wp-content\/uploads\/2023\/09\/IMG_0077-1536x2048.jpeg 1536w, https:\/\/www.ruegenhaus.eu\/wp-content\/uploads\/2023\/09\/IMG_0077-scaled.jpeg 1920w\" sizes=\"(max-width: 225px) 100vw, 225px\" \/><\/a> <a href=\"http:\/\/www.ruegenhaus.eu\/wp-content\/uploads\/2023\/09\/IMG_0078-scaled.jpeg\"><img decoding=\"async\" loading=\"lazy\" class=\"alignleft size-medium wp-image-362\" src=\"http:\/\/www.ruegenhaus.eu\/wp-content\/uploads\/2023\/09\/IMG_0078-225x300.jpeg\" alt=\"\" width=\"225\" height=\"300\" srcset=\"https:\/\/www.ruegenhaus.eu\/wp-content\/uploads\/2023\/09\/IMG_0078-225x300.jpeg 225w, https:\/\/www.ruegenhaus.eu\/wp-content\/uploads\/2023\/09\/IMG_0078-768x1024.jpeg 768w, https:\/\/www.ruegenhaus.eu\/wp-content\/uploads\/2023\/09\/IMG_0078-1152x1536.jpeg 1152w, https:\/\/www.ruegenhaus.eu\/wp-content\/uploads\/2023\/09\/IMG_0078-1536x2048.jpeg 1536w, https:\/\/www.ruegenhaus.eu\/wp-content\/uploads\/2023\/09\/IMG_0078-scaled.jpeg 1920w\" sizes=\"(max-width: 225px) 100vw, 225px\" \/><\/a> <a href=\"http:\/\/www.ruegenhaus.eu\/wp-content\/uploads\/2023\/09\/IMG_0076-scaled.jpeg\"><img decoding=\"async\" loading=\"lazy\" class=\"alignleft size-medium wp-image-363\" src=\"http:\/\/www.ruegenhaus.eu\/wp-content\/uploads\/2023\/09\/IMG_0076-225x300.jpeg\" alt=\"\" width=\"225\" height=\"300\" srcset=\"https:\/\/www.ruegenhaus.eu\/wp-content\/uploads\/2023\/09\/IMG_0076-225x300.jpeg 225w, https:\/\/www.ruegenhaus.eu\/wp-content\/uploads\/2023\/09\/IMG_0076-768x1024.jpeg 768w, https:\/\/www.ruegenhaus.eu\/wp-content\/uploads\/2023\/09\/IMG_0076-1152x1536.jpeg 1152w, https:\/\/www.ruegenhaus.eu\/wp-content\/uploads\/2023\/09\/IMG_0076-1536x2048.jpeg 1536w, https:\/\/www.ruegenhaus.eu\/wp-content\/uploads\/2023\/09\/IMG_0076-scaled.jpeg 1920w\" sizes=\"(max-width: 225px) 100vw, 225px\" \/><\/a><a href=\"http:\/\/www.ruegenhaus.eu\/wp-content\/uploads\/2023\/09\/IMG_0063-scaled.jpeg\"><img decoding=\"async\" loading=\"lazy\" class=\"alignleft size-medium wp-image-365\" src=\"http:\/\/www.ruegenhaus.eu\/wp-content\/uploads\/2023\/09\/IMG_0063-225x300.jpeg\" alt=\"\" width=\"225\" height=\"300\" srcset=\"https:\/\/www.ruegenhaus.eu\/wp-content\/uploads\/2023\/09\/IMG_0063-225x300.jpeg 225w, https:\/\/www.ruegenhaus.eu\/wp-content\/uploads\/2023\/09\/IMG_0063-768x1024.jpeg 768w, https:\/\/www.ruegenhaus.eu\/wp-content\/uploads\/2023\/09\/IMG_0063-1152x1536.jpeg 1152w, https:\/\/www.ruegenhaus.eu\/wp-content\/uploads\/2023\/09\/IMG_0063-1536x2048.jpeg 1536w, https:\/\/www.ruegenhaus.eu\/wp-content\/uploads\/2023\/09\/IMG_0063-scaled.jpeg 1920w\" sizes=\"(max-width: 225px) 100vw, 225px\" \/><\/a><a href=\"http:\/\/www.ruegenhaus.eu\/wp-content\/uploads\/2023\/09\/IMG_0068-scaled.jpeg\"><img decoding=\"async\" loading=\"lazy\" class=\"alignleft size-medium wp-image-366\" src=\"http:\/\/www.ruegenhaus.eu\/wp-content\/uploads\/2023\/09\/IMG_0068-225x300.jpeg\" alt=\"\" width=\"225\" height=\"300\" srcset=\"https:\/\/www.ruegenhaus.eu\/wp-content\/uploads\/2023\/09\/IMG_0068-225x300.jpeg 225w, https:\/\/www.ruegenhaus.eu\/wp-content\/uploads\/2023\/09\/IMG_0068-768x1024.jpeg 768w, https:\/\/www.ruegenhaus.eu\/wp-content\/uploads\/2023\/09\/IMG_0068-1152x1536.jpeg 1152w, https:\/\/www.ruegenhaus.eu\/wp-content\/uploads\/2023\/09\/IMG_0068-1536x2048.jpeg 1536w, https:\/\/www.ruegenhaus.eu\/wp-content\/uploads\/2023\/09\/IMG_0068-scaled.jpeg 1920w\" sizes=\"(max-width: 225px) 100vw, 225px\" \/><\/a><a href=\"http:\/\/www.ruegenhaus.eu\/wp-content\/uploads\/2023\/09\/IMG_0105-scaled.jpeg\"><img decoding=\"async\" loading=\"lazy\" class=\"alignleft size-medium wp-image-367\" src=\"http:\/\/www.ruegenhaus.eu\/wp-content\/uploads\/2023\/09\/IMG_0105-225x300.jpeg\" alt=\"\" width=\"225\" height=\"300\" srcset=\"https:\/\/www.ruegenhaus.eu\/wp-content\/uploads\/2023\/09\/IMG_0105-225x300.jpeg 225w, https:\/\/www.ruegenhaus.eu\/wp-content\/uploads\/2023\/09\/IMG_0105-768x1024.jpeg 768w, https:\/\/www.ruegenhaus.eu\/wp-content\/uploads\/2023\/09\/IMG_0105-1152x1536.jpeg 1152w, https:\/\/www.ruegenhaus.eu\/wp-content\/uploads\/2023\/09\/IMG_0105-1536x2048.jpeg 1536w, https:\/\/www.ruegenhaus.eu\/wp-content\/uploads\/2023\/09\/IMG_0105-scaled.jpeg 1920w\" sizes=\"(max-width: 225px) 100vw, 225px\" \/><\/a><a href=\"http:\/\/www.ruegenhaus.eu\/wp-content\/uploads\/2023\/09\/IMG_0110-scaled.jpeg\"><img decoding=\"async\" loading=\"lazy\" class=\"alignleft size-medium wp-image-368\" src=\"http:\/\/www.ruegenhaus.eu\/wp-content\/uploads\/2023\/09\/IMG_0110-225x300.jpeg\" alt=\"\" width=\"225\" height=\"300\" srcset=\"https:\/\/www.ruegenhaus.eu\/wp-content\/uploads\/2023\/09\/IMG_0110-225x300.jpeg 225w, https:\/\/www.ruegenhaus.eu\/wp-content\/uploads\/2023\/09\/IMG_0110-768x1024.jpeg 768w, https:\/\/www.ruegenhaus.eu\/wp-content\/uploads\/2023\/09\/IMG_0110-1152x1536.jpeg 1152w, https:\/\/www.ruegenhaus.eu\/wp-content\/uploads\/2023\/09\/IMG_0110-1536x2048.jpeg 1536w, https:\/\/www.ruegenhaus.eu\/wp-content\/uploads\/2023\/09\/IMG_0110-scaled.jpeg 1920w\" sizes=\"(max-width: 225px) 100vw, 225px\" \/><\/a><a href=\"http:\/\/www.ruegenhaus.eu\/wp-content\/uploads\/2023\/09\/IMG_0129-scaled.jpeg\"><img decoding=\"async\" loading=\"lazy\" class=\"alignleft size-medium wp-image-369\" src=\"http:\/\/www.ruegenhaus.eu\/wp-content\/uploads\/2023\/09\/IMG_0129-225x300.jpeg\" alt=\"\" width=\"225\" height=\"300\" srcset=\"https:\/\/www.ruegenhaus.eu\/wp-content\/uploads\/2023\/09\/IMG_0129-225x300.jpeg 225w, https:\/\/www.ruegenhaus.eu\/wp-content\/uploads\/2023\/09\/IMG_0129-768x1024.jpeg 768w, https:\/\/www.ruegenhaus.eu\/wp-content\/uploads\/2023\/09\/IMG_0129-1152x1536.jpeg 1152w, https:\/\/www.ruegenhaus.eu\/wp-content\/uploads\/2023\/09\/IMG_0129-1536x2048.jpeg 1536w, https:\/\/www.ruegenhaus.eu\/wp-content\/uploads\/2023\/09\/IMG_0129-scaled.jpeg 1920w\" sizes=\"(max-width: 225px) 100vw, 225px\" \/><\/a><\/p>\n<p><!-- belegungsplan 2 --><\/p>\n<p>[easy_contact_forms fid=3]<\/p>\n\n\n<p><\/p>\n","protected":false},"excerpt":{"rendered":"<p>Hier unsere Rufnummer f\u00fcr Ihre Buchung, Anfrage per mail oder weitere Infos: 06682\/9170700 oder mobil 0175\/359 16 24 oder&nbsp;per mail: j@daenner.net&nbsp; Senden Sie uns einfach eine Mail unter: &nbsp; j@daenner.net &nbsp; wir antworten rasch zur Verf\u00fcgbarkeit des Hauses oder der &hellip; <a href=\"https:\/\/www.ruegenhaus.eu\/?page_id=76\">Weiterlesen <span class=\"meta-nav\">&rarr;<\/span><\/a><\/p>\n","protected":false},"author":1,"featured_media":0,"parent":0,"menu_order":0,"comment_status":"closed","ping_status":"closed","template":"","meta":{"ngg_post_thumbnail":0,"_links_to":"","_links_to_target":""},"_links":{"self":[{"href":"https:\/\/www.ruegenhaus.eu\/index.php?rest_route=\/wp\/v2\/pages\/76"}],"collection":[{"href":"https:\/\/www.ruegenhaus.eu\/index.php?rest_route=\/wp\/v2\/pages"}],"about":[{"href":"https:\/\/www.ruegenhaus.eu\/index.php?rest_route=\/wp\/v2\/types\/page"}],"author":[{"embeddable":true,"href":"https:\/\/www.ruegenhaus.eu\/index.php?rest_route=\/wp\/v2\/users\/1"}],"replies":[{"embeddable":true,"href":"https:\/\/www.ruegenhaus.eu\/index.php?rest_route=%2Fwp%2Fv2%2Fcomments&post=76"}],"version-history":[{"count":57,"href":"https:\/\/www.ruegenhaus.eu\/index.php?rest_route=\/wp\/v2\/pages\/76\/revisions"}],"predecessor-version":[{"id":492,"href":"https:\/\/www.ruegenhaus.eu\/index.php?rest_route=\/wp\/v2\/pages\/76\/revisions\/492"}],"wp:attachment":[{"href":"https:\/\/www.ruegenhaus.eu\/index.php?rest_route=%2Fwp%2Fv2%2Fmedia&parent=76"}],"curies":[{"name":"wp","href":"https:\/\/api.w.org\/{rel}","templated":true}]}}