{"id":82,"date":"2013-12-06T10:53:01","date_gmt":"2013-12-06T08:53:01","guid":{"rendered":"http:\/\/87.230.15.123\/ruegen\/?page_id=82"},"modified":"2023-09-20T14:53:34","modified_gmt":"2023-09-20T12:53:34","slug":"kontakt","status":"publish","type":"page","link":"https:\/\/www.ruegenhaus.eu\/?page_id=82","title":{"rendered":"Kontakt"},"content":{"rendered":"\n<div class=\"wpcf7 no-js\" id=\"wpcf7-f307-o1\" lang=\"de-DE\" dir=\"ltr\">\n<div class=\"screen-reader-response\"><p role=\"status\" aria-live=\"polite\" aria-atomic=\"true\"><\/p> <ul><\/ul><\/div>\n<form action=\"\/index.php?rest_route=%2Fwp%2Fv2%2Fpages%2F82#wpcf7-f307-o1\" method=\"post\" class=\"wpcf7-form init\" aria-label=\"Kontaktformular\" novalidate=\"novalidate\" data-status=\"init\">\n<div style=\"display: none;\">\n<input type=\"hidden\" name=\"_wpcf7\" value=\"307\" \/>\n<input type=\"hidden\" name=\"_wpcf7_version\" value=\"5.7.4\" \/>\n<input type=\"hidden\" name=\"_wpcf7_locale\" value=\"de_DE\" \/>\n<input type=\"hidden\" name=\"_wpcf7_unit_tag\" value=\"wpcf7-f307-o1\" \/>\n<input type=\"hidden\" name=\"_wpcf7_container_post\" value=\"0\" \/>\n<input type=\"hidden\" name=\"_wpcf7_posted_data_hash\" value=\"\" \/>\n<\/div>\n<p><label> Dein Name (Pflichtfeld)<br \/>\n<span class=\"wpcf7-form-control-wrap\" data-name=\"your-name\"><input size=\"40\" class=\"wpcf7-form-control wpcf7-text wpcf7-validates-as-required\" aria-required=\"true\" aria-invalid=\"false\" value=\"\" type=\"text\" name=\"your-name\" \/><\/span> <\/label>\n<\/p>\n<p><label> Deine E-Mail-Adresse (Pflichtfeld)<br \/>\n<span class=\"wpcf7-form-control-wrap\" data-name=\"your-email\"><input size=\"40\" class=\"wpcf7-form-control wpcf7-text wpcf7-email wpcf7-validates-as-required wpcf7-validates-as-email\" aria-required=\"true\" aria-invalid=\"false\" value=\"\" type=\"email\" name=\"your-email\" \/><\/span> <\/label>\n<\/p>\n<p><label> Betreff<br \/>\n<span class=\"wpcf7-form-control-wrap\" data-name=\"your-subject\"><input size=\"40\" class=\"wpcf7-form-control wpcf7-text\" aria-invalid=\"false\" value=\"\" type=\"text\" name=\"your-subject\" \/><\/span> <\/label>\n<\/p>\n<p><label> Deine Nachricht<br \/>\n<span class=\"wpcf7-form-control-wrap\" data-name=\"your-message\"><textarea cols=\"40\" rows=\"10\" class=\"wpcf7-form-control wpcf7-textarea\" aria-invalid=\"false\" name=\"your-message\"><\/textarea><\/span> <\/label>\n<\/p>\n<p><input class=\"wpcf7-form-control has-spinner wpcf7-submit\" type=\"submit\" value=\"Senden\" \/>\n<\/p><div class=\"wpcf7-response-output\" aria-hidden=\"true\"><\/div>\n<\/form>\n<\/div>\n\n<p>Inhaberadresse:<br>Familie Daenner<br>Dorfstra\u00dfe 9<br>36142 Tann\/Rh\u00f6n<\/p>\n<p>Phone: +49(0)66 82 &#8211; 91 70 700<br>Mobile: +49(0)175 &#8211; 359 16 24<\/p>\n<p>E-Mail: j@daenner.net<br>Page: www.ruegenhaus.eu<\/p>\n<p>Copyright<\/p>\n<p>Der gesamte Inhalt dieser Internetseite inklusive aller Bilder und Texte ist das Eigentum von www.daenner.net. Die Reproduktion der Inhalte ist unabh\u00e4ngig vom verwendeten Medium untersagt.<\/p>\n<p>Text: www.daenner.net<\/p>\n<p>Fotos: www.daenner.net<\/p>\n<p>Webdesign: www.daenner.net<\/p>\n<p>Haftungshinweis<\/p>\n<p>Trotz sorgf\u00e4ltiger inhaltlicher Kontrolle \u00fcbernehmen wir keine Haftung f\u00fcr die Inhalte externer Links. <span style=\"font-size: revert;\">F\u00fcr den Inhalt verlinkter Seiten sind ausschlie\u00dflich deren Betreiber verantwortlich.<\/span><\/p>\n<p><a href=\"http:\/\/www.ruegenhaus.eu\/wp-content\/uploads\/2023\/09\/IMG_8102-1-scaled.jpeg\"><img decoding=\"async\" loading=\"lazy\" class=\"alignleft size-medium wp-image-421\" src=\"http:\/\/www.ruegenhaus.eu\/wp-content\/uploads\/2023\/09\/IMG_8102-1-225x300.jpeg\" alt=\"\" width=\"225\" height=\"300\" srcset=\"https:\/\/www.ruegenhaus.eu\/wp-content\/uploads\/2023\/09\/IMG_8102-1-225x300.jpeg 225w, https:\/\/www.ruegenhaus.eu\/wp-content\/uploads\/2023\/09\/IMG_8102-1-768x1024.jpeg 768w, https:\/\/www.ruegenhaus.eu\/wp-content\/uploads\/2023\/09\/IMG_8102-1-1152x1536.jpeg 1152w, https:\/\/www.ruegenhaus.eu\/wp-content\/uploads\/2023\/09\/IMG_8102-1-1536x2048.jpeg 1536w, https:\/\/www.ruegenhaus.eu\/wp-content\/uploads\/2023\/09\/IMG_8102-1-scaled.jpeg 1920w\" sizes=\"(max-width: 225px) 100vw, 225px\" \/><\/a><\/p>\n<p><a href=\"http:\/\/www.ruegenhaus.eu\/wp-content\/uploads\/2023\/09\/IMG_6164-scaled.jpeg\"><img decoding=\"async\" loading=\"lazy\" class=\"alignleft size-medium wp-image-432\" src=\"http:\/\/www.ruegenhaus.eu\/wp-content\/uploads\/2023\/09\/IMG_6164-225x300.jpeg\" alt=\"\" width=\"225\" height=\"300\" srcset=\"https:\/\/www.ruegenhaus.eu\/wp-content\/uploads\/2023\/09\/IMG_6164-225x300.jpeg 225w, https:\/\/www.ruegenhaus.eu\/wp-content\/uploads\/2023\/09\/IMG_6164-768x1024.jpeg 768w, https:\/\/www.ruegenhaus.eu\/wp-content\/uploads\/2023\/09\/IMG_6164-1152x1536.jpeg 1152w, https:\/\/www.ruegenhaus.eu\/wp-content\/uploads\/2023\/09\/IMG_6164-1536x2048.jpeg 1536w, https:\/\/www.ruegenhaus.eu\/wp-content\/uploads\/2023\/09\/IMG_6164-scaled.jpeg 1920w\" sizes=\"(max-width: 225px) 100vw, 225px\" \/><\/a><\/p>\n\n\n<p><\/p>\n","protected":false},"excerpt":{"rendered":"<p>Inhaberadresse:Familie DaennerDorfstra\u00dfe 936142 Tann\/Rh\u00f6n Phone: +49(0)66 82 &#8211; 91 70 700Mobile: +49(0)175 &#8211; 359 16 24 E-Mail: j@daenner.netPage: www.ruegenhaus.eu Copyright Der gesamte Inhalt dieser Internetseite inklusive aller Bilder und Texte ist das Eigentum von www.daenner.net. Die Reproduktion der Inhalte ist &hellip; <a href=\"https:\/\/www.ruegenhaus.eu\/?page_id=82\">Weiterlesen <span class=\"meta-nav\">&rarr;<\/span><\/a><\/p>\n","protected":false},"author":1,"featured_media":0,"parent":0,"menu_order":0,"comment_status":"closed","ping_status":"open","template":"","meta":{"ngg_post_thumbnail":0,"_links_to":"","_links_to_target":""},"_links":{"self":[{"href":"https:\/\/www.ruegenhaus.eu\/index.php?rest_route=\/wp\/v2\/pages\/82"}],"collection":[{"href":"https:\/\/www.ruegenhaus.eu\/index.php?rest_route=\/wp\/v2\/pages"}],"about":[{"href":"https:\/\/www.ruegenhaus.eu\/index.php?rest_route=\/wp\/v2\/types\/page"}],"author":[{"embeddable":true,"href":"https:\/\/www.ruegenhaus.eu\/index.php?rest_route=\/wp\/v2\/users\/1"}],"replies":[{"embeddable":true,"href":"https:\/\/www.ruegenhaus.eu\/index.php?rest_route=%2Fwp%2Fv2%2Fcomments&post=82"}],"version-history":[{"count":9,"href":"https:\/\/www.ruegenhaus.eu\/index.php?rest_route=\/wp\/v2\/pages\/82\/revisions"}],"predecessor-version":[{"id":468,"href":"https:\/\/www.ruegenhaus.eu\/index.php?rest_route=\/wp\/v2\/pages\/82\/revisions\/468"}],"wp:attachment":[{"href":"https:\/\/www.ruegenhaus.eu\/index.php?rest_route=%2Fwp%2Fv2%2Fmedia&parent=82"}],"curies":[{"name":"wp","href":"https:\/\/api.w.org\/{rel}","templated":true}]}}